{"id":19,"date":"2016-07-28T13:36:28","date_gmt":"2016-07-28T13:36:28","guid":{"rendered":"http:\/\/zeile.net\/?page_id=19"},"modified":"2020-11-11T11:04:01","modified_gmt":"2020-11-11T11:04:01","slug":"cv","status":"publish","type":"page","link":"https:\/\/zeile.net\/?page_id=19","title":{"rendered":"Curriculum Vitae"},"content":{"rendered":"<h3>[\u00a0\u00a0\u00a0Education\u00a0\u00a0\u00a0]<\/h3>\n<table class=\" alignleft\" style=\"padding: 5px; text-align: center; width: auto;\" cellspacing=\"10\">\n<tbody>\n<tr>\n<td class=\"cv_left_column\" style=\"text-align: center; vertical-align: top;\">2010<\/td>\n<td style=\"vertical-align: top;\"><strong><span class=\"cv_title\">PhD in Urban and Environmental Planning<\/span><\/strong><br \/>\nTU Kaiserslautern<br \/>\n<i>Thesis: Echtzeitplanung &#8211; Die Fortentwicklung der Simulations- und Visualisierungsmethoden f\u00fcr die st\u00e4dtebauliche Gestaltungsplanung | Realtime Planning \u2013 Continued development of simulation and visualization methods in urban design<br \/>\n<\/i><\/td>\n<\/tr>\n<tr>\n<td class=\"cv_left_column\" style=\"text-align: center; vertical-align: top;\">2003<\/td>\n<td>\n<p class=\"cv_quote\"><strong><span class=\"cv_title\">Diploma Degree<\/span><\/strong><br \/>\nTU Kaiserslautern<br \/>\n<i>Thesis:\u00a0 Modelling of virtual 3D city models exemplified by UNESCO world heritage city of Bamberg | Die Erstellung von virtuellen 3D-Stadtmodellen am Beispiel des UNESCO Weltkulturerbes Bamberg<\/i><\/p>\n<\/td>\n<\/tr>\n<tr>\n<td class=\"cv_left_column\" style=\"text-align: center; vertical-align: top;\">1995<br \/>\n&#8211;<br \/>\n2003<\/td>\n<td>\n<p class=\"cv_quote\"><strong><span class=\"cv_title\">Diplomingenieur <\/span>[internationally comparable to an MSc]<\/strong><br \/>\nTU Kaiserslautern<br \/>\n<i>Urban and Environmental Planning<br \/>\n<\/i><\/p>\n<\/td>\n<\/tr>\n<\/tbody>\n<\/table>\n<h3><\/h3>\n<h3>[\u00a0\u00a0\u00a0Work Experience\u00a0\u00a0\u00a0]<\/h3>\n<table style=\"padding: 5px; text-align: center; width: auto;\" cellspacing=\"10\">\n<tbody>\n<tr>\n<td class=\"cv_left_column\" style=\"vertical-align: top;\">2\/2017<br \/>\n&#8211;<br \/>\nto present<\/td>\n<td>\n<p class=\"cv_quote\"><strong>Project Lead DFG-Project<\/strong><br \/>\nKarlsruhe Institute of Technology | KIT<br \/>\n<em>Urban Emotions \u2013 development of methods for production of contextual emotion information in spatial planning with the help of human sensory assessment and crowdsourcing technologies in social networks\u201d Funding code ZE 1018\/1-2, in cooperation with ass.Prof. Dr. Bernd Resch, Z_GIS Salzburg | \u201eTemporary Positions for Principal Investigators DFG\u201c<\/em><\/p>\n<\/td>\n<\/tr>\n<tr>\n<td class=\"cv_left_column\" style=\"vertical-align: top;\">2\/2014<br \/>\n&#8211;<br \/>\n11\/2016<\/td>\n<td>\n<p class=\"cv_quote\"><strong>Project Lead DFG-Project<\/strong><br \/>\nTU Kaiserslautern<br \/>\n<em>Urban Emotions \u2013 development of methods for production of contextual emotion information in spatial planning with the help of human sensory assessment and crowdsourcing technologies in social networks\u201d Funding code ZE 1018\/1-1, in cooperation with Dr. Bernd Resch, University of Heidelberg\/Z_GIS Salzburg | \u201eTemporary Positions for Principal Investigators DFG\u201c<\/em><\/p>\n<\/td>\n<\/tr>\n<tr>\n<td class=\"cv_left_column\" style=\"vertical-align: top;\">since 2012<\/td>\n<td>\n<p class=\"cv_quote\"><strong><span class=\"cv_title\">Head of Urban Innovations<\/span><\/strong><br \/>\nQuertex GmbH Kaiserslautern<\/p>\n<\/td>\n<\/tr>\n<tr>\n<td class=\"cv_left_column\" style=\"vertical-align: top;\">2009<br \/>\n&#8211;<br \/>\n2014<\/td>\n<td>\n<p class=\"cv_quote\"><strong><span class=\"cv_title\">Senior Researcher DFG-Project<\/span><\/strong><br \/>\nTU Kaiserslautern<br \/>\n<em>Project Lead DFG-Project \u201eDevelopment of geoweb and mobile web methods in urban planning\u201d<br \/>\n(St\u00e4dtebauliche Methodenentwicklung mit GeoWeb und Mobile Computing -Untersuchung \u00fcber die Fortentwicklung des st\u00e4dtebaulichen und raumplanerischen Methodenrepertoires, angesto\u00dfen durch technologische Neuerungen im Internet)<\/em><\/p>\n<\/td>\n<\/tr>\n<tr>\n<td class=\"cv_left_column\">2004<br \/>\n&#8211;<br \/>\n2009<\/td>\n<td>\n<p class=\"cv_quote\"><strong><span class=\"cv_title\">Research Assistant &amp; Lecturer<\/span><\/strong><br \/>\nTU Kaiserslautern | Department for Computer Aided Design | CPE<b><br \/>\n<\/b><em>Lectures on GIS, CAD, Visualisation<\/em><b><br \/>\n<\/b><\/p>\n<\/td>\n<\/tr>\n<tr>\n<td class=\"cv_left_column\">2004<br \/>\n&#8211;<br \/>\n2008<\/td>\n<td>\n<p class=\"cv_quote\"><b>Freelancer<br \/>\n<\/b>Schildw\u00e4chter Ingenieure | Hochspeyer<b><br \/>\n<\/b><i>3D-City-Modelling<br \/>\n<\/i><\/p>\n<\/td>\n<\/tr>\n<tr>\n<td class=\"cv_left_column\">2004<\/td>\n<td>\n<p class=\"cv_quote\"><span class=\"cv_title\"><b>Founding<br \/>\n<\/b>Zeile &#8211; Computergest\u00fctzte Dienstleistungen und Kommunikation<b><br \/>\n<\/b><\/span><\/p>\n<\/td>\n<\/tr>\n<tr>\n<td class=\"cv_left_column\">2000<\/td>\n<td>\n<p class=\"cv_quote\"><strong><span class=\"cv_title\">Internship<\/span><\/strong><br \/>\nMultimediaplan.at | Wien<br \/>\n<i>CAD &amp; GIS Expert<\/i><\/p>\n<\/td>\n<\/tr>\n<tr>\n<td class=\"cv_left_column\">2004<br \/>\n&#8211;<br \/>\n2000<\/td>\n<td>\n<p class=\"cv_quote\"><strong><span class=\"cv_title\">Student Assistant<br \/>\n<\/span><\/strong><span class=\"cv_title\">TU Kaiserslautern<\/span><strong><span class=\"cv_title\"><br \/>\n<\/span><\/strong><em><span class=\"cv_title\">CPE (Research and Development) <\/span><span class=\"cv_title\">&amp; L\u00e4ndliche Ortsplanung (Webdesign)<\/span><\/em><strong><span class=\"cv_title\"><br \/>\n<\/span><\/strong><\/p>\n<\/td>\n<\/tr>\n<tr>\n<td class=\"cv_left_column\">1996<\/td>\n<td>\n<p class=\"cv_quote\"><strong><span class=\"cv_title\">Internship<\/span><\/strong><br \/>\nArchitect Alfons Kessler<\/p>\n<\/td>\n<\/tr>\n<\/tbody>\n<\/table>\n<h2><\/h2>\n<h2>[\u00a0\u00a0\u00a0Invited Talks\u00a0\u00a0\u00a0]<\/h2>\n<table style=\"padding: 5px; text-align: center; width: auto;\" cellspacing=\"10\">\n<tbody>\n<tr>\n<td class=\"cv_left_column\">2017<\/td>\n<td>\n<p class=\"cv_quote\"><span class=\"cv_title\"><strong>Global Sustainable Finance Conference<\/strong><br \/>\nInnovation Forum &#8222;Urban Management&#8220;<br \/>\n<\/span><\/p>\n<\/td>\n<\/tr>\n<tr>\n<td class=\"cv_left_column\">2016<\/td>\n<td>\n<p class=\"cv_quote\"><span class=\"cv_title\"><strong>Metropolitain Solutions | ISOCARP-RealCORP Workshop<\/strong><br \/>\nUrban Emotions<br \/>\n<\/span><\/p>\n<\/td>\n<\/tr>\n<tr>\n<td class=\"cv_left_column\">2015<\/td>\n<td>\n<p class=\"cv_quote\"><span class=\"cv_title\"><strong>Bau- und Planungsamtsleitertreffen Region Frankfurt<\/strong><br \/>\nUrban Emotions \u2013 Bestandsaufnahme mit dem Fitness-Armband<br \/>\n<\/span><\/p>\n<\/td>\n<\/tr>\n<tr>\n<td class=\"cv_left_column\">\u00a02014<\/td>\n<td><strong>Deutsche Akademie f\u00fcr St\u00e4dtebau und Landesplanung<\/strong><br \/>\nSt\u00e4dtebauliche Methodenentwicklung mit GeoWeb und Mobile Computing &#8211; Wie Apps &amp; Co. Helfen k\u00f6nnen\u2026<\/td>\n<\/tr>\n<tr>\n<td class=\"cv_left_column\">2013<\/td>\n<td><strong>Bundesweiter Umwelt- und Verkehrskongress<\/strong><br \/>\nIst Barrierefreiheit messbar: Stressmessung und Emotional Mapping<\/td>\n<\/tr>\n<tr>\n<td class=\"cv_left_column\">2012<\/td>\n<td><strong>Institut f\u00fcr St\u00e4dtebau und Wohnungswesen M\u00fcnchen<\/strong><br \/>\nSocial Media &#8211; Was leisten die neuen Medien in der B\u00fcrgerbeteiligung?<\/td>\n<\/tr>\n<tr>\n<td class=\"cv_left_column\">2012<\/td>\n<td><strong>Bund Deutscher Architekten NRW<\/strong><br \/>\nVirtuelle Stadtzug\u00e4nge<\/td>\n<\/tr>\n<tr>\n<td class=\"cv_left_column\">2011<\/td>\n<td><strong>Blogging the City | Berlin<\/strong><\/td>\n<\/tr>\n<tr>\n<td class=\"cv_left_column\">2009<\/td>\n<td><strong>e-Learning Tag TU Kaiserslautern<\/strong><\/td>\n<\/tr>\n<tr>\n<td class=\"cv_left_column\">2006<\/td>\n<td><strong>Cebit Hannover<\/strong><br \/>\n3D-Stadtmodell Bamberg<\/td>\n<\/tr>\n<tr>\n<td class=\"cv_left_column\">2005<\/td>\n<td><strong>HS Rapperswil<\/strong><br \/>\nEchtzeitplanung | Realtimeplanning<\/td>\n<\/tr>\n<tr>\n<td class=\"cv_left_column\">2004<\/td>\n<td><strong>OWHC Regional Conference<\/strong><br \/>\n3D-City Model Bamberg<\/td>\n<\/tr>\n<\/tbody>\n<\/table>\n<h3><\/h3>\n<h3>[\u00a0\u00a0\u00a0Grants and Awards\u00a0\u00a0\u00a0]<\/h3>\n<table style=\"padding: 5px; text-align: center; width: auto;\" cellspacing=\"10\">\n<tbody>\n<tr>\n<td class=\"cv_left_column\">2013<\/td>\n<td>\n<p class=\"cv_quote\"><span class=\"cv_title\"><strong>Best Paper Award<\/strong><br \/>\n&#8222;RealCORP 2013 Roma&#8220;<\/span><\/p>\n<\/td>\n<\/tr>\n<tr>\n<td class=\"cv_left_column\">2009<\/td>\n<td>\n<p class=\"cv_quote\"><span class=\"cv_title\"><strong>Best Paper Award<\/strong><br \/>\n5. International Conference on Planning and Design Tainan, Taiwan<\/span><\/p>\n<\/td>\n<\/tr>\n<tr>\n<td class=\"cv_left_column\">2002<\/td>\n<td>\n<p class=\"cv_quote\">GIS Preis in der Umweltplanung<\/p>\n<\/td>\n<\/tr>\n<\/tbody>\n<\/table>\n<h3><\/h3>\n<h3>[\u00a0\u00a0\u00a0Other Skills, Competences and Functions \u00a0\u00a0\u00a0]<\/h3>\n<table style=\"padding: 5px; text-align: center; width: auto%;\" cellspacing=\"10\">\n<tbody>\n<tr>\n<td>\n<p class=\"cv_quote\"><strong><span class=\"cv_title\">Editor<br \/>\n<\/span><\/strong><a href=\"https:\/\/www.cogitatiopress.com\/urbanplanning\/issue\/view\/85\"><span class=\"cv_title\">Urban Planning &#8211; <\/span><\/a><em><span class=\"cv_title\">Crowdsorced Data &amp; Social Media<br \/>\n<\/span><\/em><span class=\"cv_title\"><a href=\"https:\/\/gispoint.de\/gis-familie.html\">gis.Science<\/a>: Die Zeitschrift f\u00fcr Geoinformatik 1 (2015)<br \/>\n<\/span><span class=\"cv_title\"><em>Planung, Partizipation &amp; Technologie<\/em><\/span><strong><span class=\"cv_title\"><br \/>\n<\/span><\/strong><\/p>\n<\/td>\n<\/tr>\n<tr>\n<td>\n<p class=\"cv_quote\"><strong><span class=\"cv_title\">Editor<br \/>\n<\/span><\/strong><span class=\"cv_title\"><a href=\"https:\/\/conference.corp.at\/index.php?id=23&amp;L=0\">RealCORP Conference Proceeding<\/a>s<\/span><strong><span class=\"cv_title\"><br \/>\n<\/span><\/strong><\/p>\n<\/td>\n<\/tr>\n<tr>\n<td>\n<p class=\"cv_quote\"><strong><span class=\"cv_title\">Reviewer for the Following Journals<br \/>\n<\/span><\/strong><a href=\"http:\/\/www.mdpi.com\/journal\/ijgi\"><span class=\"cv_title\">International Journal of Geo-Information<\/span><\/a><strong><span class=\"cv_title\"><br \/>\n<\/span><\/strong><span class=\"cv_title\"><a href=\"https:\/\/gispoint.de\/jodla.html\">JoDLA \u2013 Journal of Digital Landscape Architecture<\/a><br \/>\n<a href=\"http:\/\/www.inderscience.com\/jhome.php?jcode=ijeg\">Int. J. of Electronic Governance<\/a><br \/>\n<a href=\"https:\/\/www.cogitatiopress.com\/urbanplanning\">Urban Planning<\/a><br \/>\n<a href=\"http:\/\/journals.sagepub.com\/home\/sac\">Space and Culture<\/a><br \/>\n<a href=\"https:\/\/journals.sagepub.com\/home\/epb\">Environment and Planning B<\/a><br \/>\n<a href=\"https:\/\/www.journals.elsevier.com\/applied-geography\">Applied Geography<\/a><br \/>\n<a href=\"https:\/\/www.journals.elsevier.com\/computers-environment-and-urban-systems\">Computers, Environment and Urban Systems<\/a><br \/>\n<a href=\"https:\/\/www.journals.elsevier.com\/cities\">Cities<\/a><\/p>\n<p><\/span><\/p>\n<\/td>\n<\/tr>\n<tr>\n<td>\n<p class=\"cv_quote\"><strong><span class=\"cv_title\">Languages<\/span><\/strong><br \/>\nGerman: mother tongue<br \/>\nEnglish: excellent<br \/>\nFrench: good basic skills<\/p>\n<\/td>\n<\/tr>\n<\/tbody>\n<\/table>\n<h3><\/h3>\n<h3>[\u00a0\u00a0 DOWNLOADS \u00a0 ]<\/h3>\n<table>\n<tbody>\n<tr>\n<td><a href=\"http:\/\/zeile.net\/wp-content\/uploads\/2016\/07\/CV_Peter_Zeile.pdf\"><img loading=\"lazy\" decoding=\"async\" class=\"alignnone wp-image-76\" src=\"http:\/\/zeile.net\/wp-content\/uploads\/2016\/07\/pdf-icon_large.png\" alt=\"pdf-icon_large\" width=\"64\" height=\"64\" \/><\/a><\/td>\n<td>CV in english for download<\/td>\n<\/tr>\n<tr>\n<td><a href=\"http:\/\/zeile.net\/wp-content\/uploads\/2016\/07\/Lebenslauf_Peter_Zeile.pdf\"><img loading=\"lazy\" decoding=\"async\" class=\"alignnone wp-image-76\" src=\"http:\/\/zeile.net\/wp-content\/uploads\/2016\/07\/pdf-icon_large.png\" alt=\"pdf-icon_large\" width=\"64\" height=\"64\" \/><\/a><\/td>\n<td>Lebenslauf in deutsch zum herunter laden<\/td>\n<\/tr>\n<\/tbody>\n<\/table>\n","protected":false},"excerpt":{"rendered":"<p>[\u00a0\u00a0\u00a0Education\u00a0\u00a0\u00a0] 2010 PhD in Urban and Environmental Planning TU Kaiserslautern Thesis: Echtzeitplanung &#8211; Die Fortentwicklung der Simulations- und Visualisierungsmethoden f\u00fcr die st\u00e4dtebauliche Gestaltungsplanung | Realtime Planning \u2013 Continued development of simulation and visualization methods in urban design 2003 Diploma Degree TU Kaiserslautern Thesis:\u00a0 Modelling of virtual 3D city models exemplified by UNESCO world heritage city &hellip; <a href=\"https:\/\/zeile.net\/?page_id=19\" class=\"more-link\">Weiterlesen <span class=\"screen-reader-text\">Curriculum Vitae<\/span><\/a><\/p>\n","protected":false},"author":1,"featured_media":162,"parent":0,"menu_order":0,"comment_status":"closed","ping_status":"closed","template":"","meta":{"footnotes":""},"class_list":["post-19","page","type-page","status-publish","has-post-thumbnail","hentry","with-featured-image"],"aioseo_notices":[],"_links":{"self":[{"href":"https:\/\/zeile.net\/index.php?rest_route=\/wp\/v2\/pages\/19","targetHints":{"allow":["GET"]}}],"collection":[{"href":"https:\/\/zeile.net\/index.php?rest_route=\/wp\/v2\/pages"}],"about":[{"href":"https:\/\/zeile.net\/index.php?rest_route=\/wp\/v2\/types\/page"}],"author":[{"embeddable":true,"href":"https:\/\/zeile.net\/index.php?rest_route=\/wp\/v2\/users\/1"}],"replies":[{"embeddable":true,"href":"https:\/\/zeile.net\/index.php?rest_route=%2Fwp%2Fv2%2Fcomments&post=19"}],"version-history":[{"count":49,"href":"https:\/\/zeile.net\/index.php?rest_route=\/wp\/v2\/pages\/19\/revisions"}],"predecessor-version":[{"id":635,"href":"https:\/\/zeile.net\/index.php?rest_route=\/wp\/v2\/pages\/19\/revisions\/635"}],"wp:featuredmedia":[{"embeddable":true,"href":"https:\/\/zeile.net\/index.php?rest_route=\/wp\/v2\/media\/162"}],"wp:attachment":[{"href":"https:\/\/zeile.net\/index.php?rest_route=%2Fwp%2Fv2%2Fmedia&parent=19"}],"curies":[{"name":"wp","href":"https:\/\/api.w.org\/{rel}","templated":true}]}}